{"id":8,"date":"2016-06-08T01:39:42","date_gmt":"2016-06-08T01:39:42","guid":{"rendered":"http:\/\/tendadelivros.org\/borda\/?page_id=8"},"modified":"2024-04-11T21:39:41","modified_gmt":"2024-04-11T21:39:41","slug":"apresentacao","status":"publish","type":"page","link":"https:\/\/fernandagrigolin.com\/jornaldeborda\/apresentacao\/","title":{"rendered":"Apresenta\u00e7\u00e3o"},"content":{"rendered":"<p>Jornal de Borda foi uma publica\u00e7\u00e3o de cultura visual, que iniciou em 2015 e terminou em 2021. Idealizada por Fernanda Grigolin, o Borda, desde o seu primeiro n\u00famero, esteve vinculada \u00e0s pr\u00e1ticas feministas aut\u00f4nomas, latino-americanas e art\u00edsticas e suas rela\u00e7\u00f5es com as lutas contempor\u00e2neas. <\/p>\n<p>O peri\u00f3dico foi distribu\u00eddo em v\u00e1rias localidades do mundo, pertence a acervos de cole\u00e7\u00f5es e bibliotecas e participou de exposi\u00e7\u00f5es sobre publica\u00e7\u00f5es, como: Hist\u00f3rias Feministas no Masp e Pequenas utopias na Caixa, a segunda com curadoria de Amir Brito Cad\u00f4r. Em 2022, uma publica\u00e7\u00e3o bil\u00edngue da Plataforma 9p9, que conta parte da hist\u00f3ria do jornal, foi lan\u00e7ada. No ano de 2019, o peri\u00f3dico teve um espa\u00e7o expositivo e de leitura no Pr\u00eamio Di\u00e1rio Contempor\u00e2neo, projeto de Mariano Klautau. <\/p>\n<p>:::::<\/p>\n<p><b>Um pouco sobre cada edi\u00e7\u00e3o. Voc\u00ea pode l\u00ea-las na aba <a href=\"https:\/\/fernandagrigolin.com\/jornaldeborda\/category\/edicoes-impressas\/\" target=\"_blank\" rel=\"noopener noreferrer\">Sobre as edi\u00e7\u00f5es impressas<\/a>:<\/b><\/p>\n<p><span style=\"font-weight: 400;\">a primeira foi sobre o ato de editar;<\/span><\/p>\n<p><span style=\"font-weight: 400;\">a segunda abordou a circula\u00e7\u00e3o da arte;<\/span><\/p>\n<p><span style=\"font-weight: 400;\">a terceira trouxe como eixos de discuss\u00e3o feminismos, teoria queer e afrocentralidade;<\/span><\/p>\n<p><span style=\"font-weight: 400;\">a quarta tem como campos de di\u00e1logo: o arquivo, a mem\u00f3ria e o poder;<\/span><\/p>\n<p><span style=\"font-weight: 400;\">a quinta teve como mote a frase: \u201cReconhecer os pr\u00f3prios privil\u00e9gios \u00e9 o primeiro passo para entender as desigualdades sociais e lutar contra elas\u201d;<\/span><\/p>\n<p>a sexta teve o<span style=\"font-weight: 400;\">\u00a0tema\u00a0 Fronteiras e Encruzilhadas;<\/span><\/p>\n<p>a s\u00e9tima foi feita artesanalmente um misto de offset e tipografia, foi uma grande colagem chamada O Borda;<\/p>\n<p>a oitava cujo nome \u00e9 \u00c1gua Vermelha foi realizada ao longo do curso Publica\u00e7\u00e3o-Mem\u00f3ria no Sesc Ipiranga, quatro encontros, e traz o passado do bairro do Ipiranga (um dos primeiros bairros oper\u00e1rios de S\u00e3o Paulo, sabia?).<\/p>\n<p>a nona edi\u00e7\u00e3o discutiu corpo gorda anticapitalista e se chama CORPA, e foi no formato revista;<\/p>\n<p>a d\u00e9cima edi\u00e7\u00e3o, cujo tema foi Arte e Anarquismo, chamou O BORDA.<\/p>\n","protected":false},"excerpt":{"rendered":"<p>Jornal de Borda foi uma publica\u00e7\u00e3o de cultura visual, que iniciou em 2015 e terminou em 2021. Idealizada por Fernanda Grigolin, o Borda, desde o seu primeiro n\u00famero, esteve vinculada \u00e0s pr\u00e1ticas feministas aut\u00f4nomas, latino-americanas e art\u00edsticas e suas rela\u00e7\u00f5es com as lutas contempor\u00e2neas. O peri\u00f3dico foi distribu\u00eddo em v\u00e1rias localidades do mundo, pertence a &#8230; <a title=\"Apresenta\u00e7\u00e3o\" class=\"read-more\" href=\"https:\/\/fernandagrigolin.com\/jornaldeborda\/apresentacao\/\" aria-label=\"More on Apresenta\u00e7\u00e3o\">Ler mais<\/a><\/p>\n","protected":false},"author":2,"featured_media":0,"parent":0,"menu_order":0,"comment_status":"closed","ping_status":"closed","template":"","meta":{"footnotes":""},"class_list":["post-8","page","type-page","status-publish"],"_links":{"self":[{"href":"https:\/\/fernandagrigolin.com\/jornaldeborda\/wp-json\/wp\/v2\/pages\/8","targetHints":{"allow":["GET"]}}],"collection":[{"href":"https:\/\/fernandagrigolin.com\/jornaldeborda\/wp-json\/wp\/v2\/pages"}],"about":[{"href":"https:\/\/fernandagrigolin.com\/jornaldeborda\/wp-json\/wp\/v2\/types\/page"}],"author":[{"embeddable":true,"href":"https:\/\/fernandagrigolin.com\/jornaldeborda\/wp-json\/wp\/v2\/users\/2"}],"replies":[{"embeddable":true,"href":"https:\/\/fernandagrigolin.com\/jornaldeborda\/wp-json\/wp\/v2\/comments?post=8"}],"version-history":[{"count":6,"href":"https:\/\/fernandagrigolin.com\/jornaldeborda\/wp-json\/wp\/v2\/pages\/8\/revisions"}],"predecessor-version":[{"id":1355,"href":"https:\/\/fernandagrigolin.com\/jornaldeborda\/wp-json\/wp\/v2\/pages\/8\/revisions\/1355"}],"wp:attachment":[{"href":"https:\/\/fernandagrigolin.com\/jornaldeborda\/wp-json\/wp\/v2\/media?parent=8"}],"curies":[{"name":"wp","href":"https:\/\/api.w.org\/{rel}","templated":true}]}}