{"id":738,"date":"2017-10-02T10:43:22","date_gmt":"2017-10-02T10:43:22","guid":{"rendered":"https:\/\/fernandagrigolin.com\/jornaldeborda\/?page_id=738"},"modified":"2020-10-03T02:46:32","modified_gmt":"2020-10-03T02:46:32","slug":"edicao-04","status":"publish","type":"page","link":"https:\/\/fernandagrigolin.com\/jornaldeborda\/edicao-04\/","title":{"rendered":"Edi\u00e7\u00e3o 04"},"content":{"rendered":"<p><iframe loading=\"lazy\" src=\"https:\/\/player.vimeo.com\/video\/208289228\" width=\"640\" height=\"360\" frameborder=\"0\" allowfullscreen=\"allowfullscreen\"><\/iframe><\/p>\n<p><a href=\"https:\/\/vimeo.com\/208289228\">Jornal de Borda 04<\/a> from <a href=\"https:\/\/vimeo.com\/user4638036\">Fernanda Grigolin<\/a> on <a href=\"https:\/\/vimeo.com\">Vimeo<\/a>.<\/p>\n<p>concep\u00e7\u00e3o e edi\u00e7\u00e3o: Fernanda Grigolin<br \/>\nprojeto gr\u00e1fico: Lila Botter<br \/>\nequipe editorial: Caio Paraguassu e Rodrigo Jorge<br \/>\nparticipam: Eduardo Augusto Costa, Elisa Lemus, Fausto Gracia, Iara Lis Schiavinatto, Fabiana Bruno, Juan Carlos Romero com Mar\u00eda Esther Galera, Karlla Girotto com Andr\u00e9 Penteado, Let\u00edcia Cobra Lima, L\u00edvia Aquino, Liz Melendez L\u00f3pez, Luchadoras, Madalena Guilhon, Ma\u00edra Endo com Paola Fabres, Nathanael Ara\u00fajo, Omar Khouri, Raquel Stolf, Talita Trizoli, Thais Gouveia, Thiago R, V\u00e2nia Medeiros com M\u00f4nica Santana e Daniel Guerra, Yuly Marty<br \/>\nhomenagens: 8M, Bloco Arrasta Bloco da Favela, Edgard Leuenroth, Greve de 1917, Juana Bel\u00e9n, L\u00e9lia Gonz\u00e1lez e Maria Lacerda de Moura<\/p>\n<p>encarte: Christina Roquette Lopreato e Equipe Arquivo Edgard Leuenroth. AEL &#8211; IFCH\/UNICAMP (Humberto Celeste Innarelli, Castorina Augusta Madureira de Camargo e Silvia Modena Martini<br \/>\ncom L\u00edvia Cristina Corr\u00eaa e Tain\u00e1 Guimar\u00e3es Paschoal)<\/p>\n<p>agradecimentos: Daniela de Moraes, Diana Pimentel, Karina Francis Urban, Lia Lopes, Paula Monterrey, Paulo Silveira<\/p>\n<p>A edi\u00e7\u00e3o fac-s\u00edmile do jornal A Plebe \u00e9 parte integrante do projeto Arquivo 17. Fonte: Arquivo Edgard Leuenroth. AEL &#8211; IFCH\/UNICAMP<\/p>\n<p>&nbsp;<\/p>\n<p>Jornal de Borda pdf em alta<\/p>\n<p><a href=\"https:\/\/fernandagrigolin.com\/jornaldeborda\/wp-content\/uploads\/2017\/10\/borda_todo.pdf\">borda_todo<\/a><\/p>\n<p>A PLEBE 21\/07\/1917<br \/>\n<a href=\"https:\/\/fernandagrigolin.com\/jornaldeborda\/wp-content\/uploads\/2017\/10\/a-plebe-ALTA-2017_02_13a.pdf\">a plebe ALTA 2017_02_13a<\/a><\/p>\n<p>Encarte AEL<br \/>\n<a href=\"https:\/\/fernandagrigolin.com\/jornaldeborda\/wp-content\/uploads\/2017\/10\/encarte_ael.pdf\">encarte_ael<\/a><\/p>\n<p>&nbsp;<\/p>\n<p><img loading=\"lazy\" decoding=\"async\" class=\"alignnone size-full wp-image-739\" src=\"https:\/\/fernandagrigolin.com\/jornaldeborda\/wp-content\/uploads\/2017\/10\/capa.jpg\" alt=\"capa\" width=\"1681\" height=\"1859\" \/><img loading=\"lazy\" decoding=\"async\" class=\"alignnone size-full wp-image-740\" src=\"https:\/\/fernandagrigolin.com\/jornaldeborda\/wp-content\/uploads\/2017\/10\/borda-4-ALTA-2017_03_13_02.jpg\" alt=\"borda 4 ALTA 2017_03_13_02\" width=\"1681\" height=\"1859\" srcset=\"https:\/\/fernandagrigolin.com\/jornaldeborda\/wp-content\/uploads\/2017\/10\/borda-4-ALTA-2017_03_13_02.jpg 1681w, https:\/\/fernandagrigolin.com\/jornaldeborda\/wp-content\/uploads\/2017\/10\/borda-4-ALTA-2017_03_13_02-271x300.jpg 271w, https:\/\/fernandagrigolin.com\/jornaldeborda\/wp-content\/uploads\/2017\/10\/borda-4-ALTA-2017_03_13_02-768x849.jpg 768w, https:\/\/fernandagrigolin.com\/jornaldeborda\/wp-content\/uploads\/2017\/10\/borda-4-ALTA-2017_03_13_02-926x1024.jpg 926w\" sizes=\"auto, (max-width: 1681px) 100vw, 1681px\" \/><img loading=\"lazy\" decoding=\"async\" class=\"alignnone size-full wp-image-741\" src=\"https:\/\/fernandagrigolin.com\/jornaldeborda\/wp-content\/uploads\/2017\/10\/borda-4-ALTA-2017_03_13_3.jpg\" alt=\"borda 4 ALTA 2017_03_13_3\" width=\"1681\" height=\"1859\" srcset=\"https:\/\/fernandagrigolin.com\/jornaldeborda\/wp-content\/uploads\/2017\/10\/borda-4-ALTA-2017_03_13_3.jpg 1681w, https:\/\/fernandagrigolin.com\/jornaldeborda\/wp-content\/uploads\/2017\/10\/borda-4-ALTA-2017_03_13_3-271x300.jpg 271w, https:\/\/fernandagrigolin.com\/jornaldeborda\/wp-content\/uploads\/2017\/10\/borda-4-ALTA-2017_03_13_3-768x849.jpg 768w, https:\/\/fernandagrigolin.com\/jornaldeborda\/wp-content\/uploads\/2017\/10\/borda-4-ALTA-2017_03_13_3-926x1024.jpg 926w\" sizes=\"auto, (max-width: 1681px) 100vw, 1681px\" \/><img loading=\"lazy\" decoding=\"async\" class=\"alignnone size-full wp-image-742\" src=\"https:\/\/fernandagrigolin.com\/jornaldeborda\/wp-content\/uploads\/2017\/10\/borda-4-ALTA-2017_03_13_04.jpg\" alt=\"borda 4 ALTA 2017_03_13_04\" width=\"1681\" height=\"1859\" srcset=\"https:\/\/fernandagrigolin.com\/jornaldeborda\/wp-content\/uploads\/2017\/10\/borda-4-ALTA-2017_03_13_04.jpg 1681w, https:\/\/fernandagrigolin.com\/jornaldeborda\/wp-content\/uploads\/2017\/10\/borda-4-ALTA-2017_03_13_04-271x300.jpg 271w, https:\/\/fernandagrigolin.com\/jornaldeborda\/wp-content\/uploads\/2017\/10\/borda-4-ALTA-2017_03_13_04-768x849.jpg 768w, https:\/\/fernandagrigolin.com\/jornaldeborda\/wp-content\/uploads\/2017\/10\/borda-4-ALTA-2017_03_13_04-926x1024.jpg 926w\" sizes=\"auto, (max-width: 1681px) 100vw, 1681px\" \/><br \/>\n<img loading=\"lazy\" decoding=\"async\" class=\"alignnone size-full wp-image-743\" src=\"https:\/\/fernandagrigolin.com\/jornaldeborda\/wp-content\/uploads\/2017\/10\/borda-4-ALTA-2017_03_13_5.jpg\" alt=\"borda 4 ALTA 2017_03_13_5\" width=\"1681\" height=\"1859\" srcset=\"https:\/\/fernandagrigolin.com\/jornaldeborda\/wp-content\/uploads\/2017\/10\/borda-4-ALTA-2017_03_13_5.jpg 1681w, https:\/\/fernandagrigolin.com\/jornaldeborda\/wp-content\/uploads\/2017\/10\/borda-4-ALTA-2017_03_13_5-271x300.jpg 271w, https:\/\/fernandagrigolin.com\/jornaldeborda\/wp-content\/uploads\/2017\/10\/borda-4-ALTA-2017_03_13_5-768x849.jpg 768w, https:\/\/fernandagrigolin.com\/jornaldeborda\/wp-content\/uploads\/2017\/10\/borda-4-ALTA-2017_03_13_5-926x1024.jpg 926w\" sizes=\"auto, (max-width: 1681px) 100vw, 1681px\" \/><\/p>\n<p><img loading=\"lazy\" decoding=\"async\" class=\"alignnone size-full wp-image-744\" src=\"https:\/\/fernandagrigolin.com\/jornaldeborda\/wp-content\/uploads\/2017\/10\/borda-4-ALTA-2017_03_13_06.jpg\" alt=\"borda 4 ALTA 2017_03_13_06\" width=\"1681\" height=\"1859\" srcset=\"https:\/\/fernandagrigolin.com\/jornaldeborda\/wp-content\/uploads\/2017\/10\/borda-4-ALTA-2017_03_13_06.jpg 1681w, https:\/\/fernandagrigolin.com\/jornaldeborda\/wp-content\/uploads\/2017\/10\/borda-4-ALTA-2017_03_13_06-271x300.jpg 271w, https:\/\/fernandagrigolin.com\/jornaldeborda\/wp-content\/uploads\/2017\/10\/borda-4-ALTA-2017_03_13_06-768x849.jpg 768w, https:\/\/fernandagrigolin.com\/jornaldeborda\/wp-content\/uploads\/2017\/10\/borda-4-ALTA-2017_03_13_06-926x1024.jpg 926w\" sizes=\"auto, (max-width: 1681px) 100vw, 1681px\" \/><\/p>\n<p><img loading=\"lazy\" decoding=\"async\" class=\"alignnone size-full wp-image-745\" src=\"https:\/\/fernandagrigolin.com\/jornaldeborda\/wp-content\/uploads\/2017\/10\/borda-4-ALTA-2017_03_13_07.jpg\" alt=\"borda 4 ALTA 2017_03_13_07\" width=\"1681\" height=\"1859\" srcset=\"https:\/\/fernandagrigolin.com\/jornaldeborda\/wp-content\/uploads\/2017\/10\/borda-4-ALTA-2017_03_13_07.jpg 1681w, https:\/\/fernandagrigolin.com\/jornaldeborda\/wp-content\/uploads\/2017\/10\/borda-4-ALTA-2017_03_13_07-271x300.jpg 271w, https:\/\/fernandagrigolin.com\/jornaldeborda\/wp-content\/uploads\/2017\/10\/borda-4-ALTA-2017_03_13_07-768x849.jpg 768w, https:\/\/fernandagrigolin.com\/jornaldeborda\/wp-content\/uploads\/2017\/10\/borda-4-ALTA-2017_03_13_07-926x1024.jpg 926w\" sizes=\"auto, (max-width: 1681px) 100vw, 1681px\" \/><br \/>\n<img loading=\"lazy\" decoding=\"async\" class=\"alignnone size-full wp-image-746\" src=\"https:\/\/fernandagrigolin.com\/jornaldeborda\/wp-content\/uploads\/2017\/10\/borda-4-ALTA-2017_03_13_08.jpg\" alt=\"borda 4 ALTA 2017_03_13_08\" width=\"1681\" height=\"1859\" srcset=\"https:\/\/fernandagrigolin.com\/jornaldeborda\/wp-content\/uploads\/2017\/10\/borda-4-ALTA-2017_03_13_08.jpg 1681w, https:\/\/fernandagrigolin.com\/jornaldeborda\/wp-content\/uploads\/2017\/10\/borda-4-ALTA-2017_03_13_08-271x300.jpg 271w, https:\/\/fernandagrigolin.com\/jornaldeborda\/wp-content\/uploads\/2017\/10\/borda-4-ALTA-2017_03_13_08-768x849.jpg 768w, https:\/\/fernandagrigolin.com\/jornaldeborda\/wp-content\/uploads\/2017\/10\/borda-4-ALTA-2017_03_13_08-926x1024.jpg 926w\" sizes=\"auto, (max-width: 1681px) 100vw, 1681px\" \/><br \/>\n<img loading=\"lazy\" decoding=\"async\" class=\"alignnone size-full wp-image-747\" src=\"https:\/\/fernandagrigolin.com\/jornaldeborda\/wp-content\/uploads\/2017\/10\/borda-4-ALTA-2017_03_13_09.jpg\" alt=\"borda 4 ALTA 2017_03_13_09\" width=\"1681\" height=\"1859\" srcset=\"https:\/\/fernandagrigolin.com\/jornaldeborda\/wp-content\/uploads\/2017\/10\/borda-4-ALTA-2017_03_13_09.jpg 1681w, https:\/\/fernandagrigolin.com\/jornaldeborda\/wp-content\/uploads\/2017\/10\/borda-4-ALTA-2017_03_13_09-271x300.jpg 271w, https:\/\/fernandagrigolin.com\/jornaldeborda\/wp-content\/uploads\/2017\/10\/borda-4-ALTA-2017_03_13_09-768x849.jpg 768w, https:\/\/fernandagrigolin.com\/jornaldeborda\/wp-content\/uploads\/2017\/10\/borda-4-ALTA-2017_03_13_09-926x1024.jpg 926w\" sizes=\"auto, (max-width: 1681px) 100vw, 1681px\" \/><br \/>\n<img loading=\"lazy\" decoding=\"async\" class=\"alignnone size-full wp-image-748\" src=\"https:\/\/fernandagrigolin.com\/jornaldeborda\/wp-content\/uploads\/2017\/10\/borda-4-ALTA-2017_03_13_10.jpg\" alt=\"borda 4 ALTA 2017_03_13_10\" width=\"1681\" height=\"1859\" srcset=\"https:\/\/fernandagrigolin.com\/jornaldeborda\/wp-content\/uploads\/2017\/10\/borda-4-ALTA-2017_03_13_10.jpg 1681w, https:\/\/fernandagrigolin.com\/jornaldeborda\/wp-content\/uploads\/2017\/10\/borda-4-ALTA-2017_03_13_10-271x300.jpg 271w, https:\/\/fernandagrigolin.com\/jornaldeborda\/wp-content\/uploads\/2017\/10\/borda-4-ALTA-2017_03_13_10-768x849.jpg 768w, https:\/\/fernandagrigolin.com\/jornaldeborda\/wp-content\/uploads\/2017\/10\/borda-4-ALTA-2017_03_13_10-926x1024.jpg 926w\" sizes=\"auto, (max-width: 1681px) 100vw, 1681px\" \/><\/p>\n<p><img loading=\"lazy\" decoding=\"async\" class=\"alignnone size-full wp-image-749\" src=\"https:\/\/fernandagrigolin.com\/jornaldeborda\/wp-content\/uploads\/2017\/10\/borda-4-ALTA-2017_03_13_11.jpg\" alt=\"borda 4 ALTA 2017_03_13_11\" width=\"1681\" height=\"1859\" srcset=\"https:\/\/fernandagrigolin.com\/jornaldeborda\/wp-content\/uploads\/2017\/10\/borda-4-ALTA-2017_03_13_11.jpg 1681w, https:\/\/fernandagrigolin.com\/jornaldeborda\/wp-content\/uploads\/2017\/10\/borda-4-ALTA-2017_03_13_11-271x300.jpg 271w, https:\/\/fernandagrigolin.com\/jornaldeborda\/wp-content\/uploads\/2017\/10\/borda-4-ALTA-2017_03_13_11-768x849.jpg 768w, https:\/\/fernandagrigolin.com\/jornaldeborda\/wp-content\/uploads\/2017\/10\/borda-4-ALTA-2017_03_13_11-926x1024.jpg 926w\" sizes=\"auto, (max-width: 1681px) 100vw, 1681px\" \/><br \/>\n<img loading=\"lazy\" decoding=\"async\" class=\"alignnone size-full wp-image-750\" src=\"https:\/\/fernandagrigolin.com\/jornaldeborda\/wp-content\/uploads\/2017\/10\/borda-4-ALTA-2017_03_13_12.jpg\" alt=\"borda 4 ALTA 2017_03_13_12\" width=\"1681\" height=\"1859\" srcset=\"https:\/\/fernandagrigolin.com\/jornaldeborda\/wp-content\/uploads\/2017\/10\/borda-4-ALTA-2017_03_13_12.jpg 1681w, https:\/\/fernandagrigolin.com\/jornaldeborda\/wp-content\/uploads\/2017\/10\/borda-4-ALTA-2017_03_13_12-271x300.jpg 271w, https:\/\/fernandagrigolin.com\/jornaldeborda\/wp-content\/uploads\/2017\/10\/borda-4-ALTA-2017_03_13_12-768x849.jpg 768w, https:\/\/fernandagrigolin.com\/jornaldeborda\/wp-content\/uploads\/2017\/10\/borda-4-ALTA-2017_03_13_12-926x1024.jpg 926w\" sizes=\"auto, (max-width: 1681px) 100vw, 1681px\" \/><br \/>\n<img loading=\"lazy\" decoding=\"async\" class=\"alignnone size-full wp-image-751\" src=\"https:\/\/fernandagrigolin.com\/jornaldeborda\/wp-content\/uploads\/2017\/10\/borda-4-ALTA-2017_03_13_13.jpg\" alt=\"borda 4 ALTA 2017_03_13_13\" width=\"1681\" height=\"1859\" srcset=\"https:\/\/fernandagrigolin.com\/jornaldeborda\/wp-content\/uploads\/2017\/10\/borda-4-ALTA-2017_03_13_13.jpg 1681w, https:\/\/fernandagrigolin.com\/jornaldeborda\/wp-content\/uploads\/2017\/10\/borda-4-ALTA-2017_03_13_13-271x300.jpg 271w, https:\/\/fernandagrigolin.com\/jornaldeborda\/wp-content\/uploads\/2017\/10\/borda-4-ALTA-2017_03_13_13-768x849.jpg 768w, https:\/\/fernandagrigolin.com\/jornaldeborda\/wp-content\/uploads\/2017\/10\/borda-4-ALTA-2017_03_13_13-926x1024.jpg 926w\" sizes=\"auto, (max-width: 1681px) 100vw, 1681px\" \/><\/p>\n<p><img loading=\"lazy\" decoding=\"async\" class=\"alignnone size-full wp-image-752\" src=\"https:\/\/fernandagrigolin.com\/jornaldeborda\/wp-content\/uploads\/2017\/10\/borda-4-ALTA-2017_03_13_20.jpg\" alt=\"borda 4 ALTA 2017_03_13_20\" width=\"1681\" height=\"1859\" srcset=\"https:\/\/fernandagrigolin.com\/jornaldeborda\/wp-content\/uploads\/2017\/10\/borda-4-ALTA-2017_03_13_20.jpg 1681w, https:\/\/fernandagrigolin.com\/jornaldeborda\/wp-content\/uploads\/2017\/10\/borda-4-ALTA-2017_03_13_20-271x300.jpg 271w, https:\/\/fernandagrigolin.com\/jornaldeborda\/wp-content\/uploads\/2017\/10\/borda-4-ALTA-2017_03_13_20-768x849.jpg 768w, https:\/\/fernandagrigolin.com\/jornaldeborda\/wp-content\/uploads\/2017\/10\/borda-4-ALTA-2017_03_13_20-926x1024.jpg 926w\" sizes=\"auto, (max-width: 1681px) 100vw, 1681px\" \/><br \/>\n<img loading=\"lazy\" decoding=\"async\" class=\"alignnone size-full wp-image-753\" src=\"https:\/\/fernandagrigolin.com\/jornaldeborda\/wp-content\/uploads\/2017\/10\/borda-4-ALTA-2017_03_13_21.jpg\" alt=\"borda 4 ALTA 2017_03_13_21\" width=\"1681\" height=\"1859\" srcset=\"https:\/\/fernandagrigolin.com\/jornaldeborda\/wp-content\/uploads\/2017\/10\/borda-4-ALTA-2017_03_13_21.jpg 1681w, https:\/\/fernandagrigolin.com\/jornaldeborda\/wp-content\/uploads\/2017\/10\/borda-4-ALTA-2017_03_13_21-271x300.jpg 271w, https:\/\/fernandagrigolin.com\/jornaldeborda\/wp-content\/uploads\/2017\/10\/borda-4-ALTA-2017_03_13_21-768x849.jpg 768w, https:\/\/fernandagrigolin.com\/jornaldeborda\/wp-content\/uploads\/2017\/10\/borda-4-ALTA-2017_03_13_21-926x1024.jpg 926w\" sizes=\"auto, (max-width: 1681px) 100vw, 1681px\" \/><br \/>\n<img loading=\"lazy\" decoding=\"async\" class=\"alignnone size-full wp-image-754\" src=\"https:\/\/fernandagrigolin.com\/jornaldeborda\/wp-content\/uploads\/2017\/10\/borda-4-ALTA-2017_03_13_22.jpg\" alt=\"borda 4 ALTA 2017_03_13_22\" width=\"1681\" height=\"1859\" srcset=\"https:\/\/fernandagrigolin.com\/jornaldeborda\/wp-content\/uploads\/2017\/10\/borda-4-ALTA-2017_03_13_22.jpg 1681w, https:\/\/fernandagrigolin.com\/jornaldeborda\/wp-content\/uploads\/2017\/10\/borda-4-ALTA-2017_03_13_22-271x300.jpg 271w, https:\/\/fernandagrigolin.com\/jornaldeborda\/wp-content\/uploads\/2017\/10\/borda-4-ALTA-2017_03_13_22-768x849.jpg 768w, https:\/\/fernandagrigolin.com\/jornaldeborda\/wp-content\/uploads\/2017\/10\/borda-4-ALTA-2017_03_13_22-926x1024.jpg 926w\" sizes=\"auto, (max-width: 1681px) 100vw, 1681px\" \/><br \/>\n<img loading=\"lazy\" decoding=\"async\" class=\"alignnone size-full wp-image-755\" src=\"https:\/\/fernandagrigolin.com\/jornaldeborda\/wp-content\/uploads\/2017\/10\/borda-4-ALTA-2017_03_13_23.jpg\" alt=\"borda 4 ALTA 2017_03_13_23\" width=\"1681\" height=\"1859\" srcset=\"https:\/\/fernandagrigolin.com\/jornaldeborda\/wp-content\/uploads\/2017\/10\/borda-4-ALTA-2017_03_13_23.jpg 1681w, https:\/\/fernandagrigolin.com\/jornaldeborda\/wp-content\/uploads\/2017\/10\/borda-4-ALTA-2017_03_13_23-271x300.jpg 271w, https:\/\/fernandagrigolin.com\/jornaldeborda\/wp-content\/uploads\/2017\/10\/borda-4-ALTA-2017_03_13_23-768x849.jpg 768w, https:\/\/fernandagrigolin.com\/jornaldeborda\/wp-content\/uploads\/2017\/10\/borda-4-ALTA-2017_03_13_23-926x1024.jpg 926w\" sizes=\"auto, (max-width: 1681px) 100vw, 1681px\" \/><br \/>\n<img loading=\"lazy\" decoding=\"async\" class=\"alignnone size-full wp-image-756\" src=\"https:\/\/fernandagrigolin.com\/jornaldeborda\/wp-content\/uploads\/2017\/10\/borda-4-ALTA-2017_03_13_24.jpg\" alt=\"borda 4 ALTA 2017_03_13_24\" width=\"1681\" height=\"1859\" srcset=\"https:\/\/fernandagrigolin.com\/jornaldeborda\/wp-content\/uploads\/2017\/10\/borda-4-ALTA-2017_03_13_24.jpg 1681w, https:\/\/fernandagrigolin.com\/jornaldeborda\/wp-content\/uploads\/2017\/10\/borda-4-ALTA-2017_03_13_24-271x300.jpg 271w, https:\/\/fernandagrigolin.com\/jornaldeborda\/wp-content\/uploads\/2017\/10\/borda-4-ALTA-2017_03_13_24-768x849.jpg 768w, https:\/\/fernandagrigolin.com\/jornaldeborda\/wp-content\/uploads\/2017\/10\/borda-4-ALTA-2017_03_13_24-926x1024.jpg 926w\" sizes=\"auto, (max-width: 1681px) 100vw, 1681px\" \/><br \/>\n<img loading=\"lazy\" decoding=\"async\" class=\"alignnone size-full wp-image-757\" src=\"https:\/\/fernandagrigolin.com\/jornaldeborda\/wp-content\/uploads\/2017\/10\/borda-4-ALTA-2017_03_13_25.jpg\" alt=\"borda 4 ALTA 2017_03_13_25\" width=\"1681\" height=\"1859\" srcset=\"https:\/\/fernandagrigolin.com\/jornaldeborda\/wp-content\/uploads\/2017\/10\/borda-4-ALTA-2017_03_13_25.jpg 1681w, https:\/\/fernandagrigolin.com\/jornaldeborda\/wp-content\/uploads\/2017\/10\/borda-4-ALTA-2017_03_13_25-271x300.jpg 271w, https:\/\/fernandagrigolin.com\/jornaldeborda\/wp-content\/uploads\/2017\/10\/borda-4-ALTA-2017_03_13_25-768x849.jpg 768w, https:\/\/fernandagrigolin.com\/jornaldeborda\/wp-content\/uploads\/2017\/10\/borda-4-ALTA-2017_03_13_25-926x1024.jpg 926w\" sizes=\"auto, (max-width: 1681px) 100vw, 1681px\" \/><br \/>\n<img loading=\"lazy\" decoding=\"async\" class=\"alignnone size-full wp-image-758\" src=\"https:\/\/fernandagrigolin.com\/jornaldeborda\/wp-content\/uploads\/2017\/10\/borda-4-ALTA-2017_03_13_26.jpg\" alt=\"borda 4 ALTA 2017_03_13_26\" width=\"1681\" height=\"1859\" srcset=\"https:\/\/fernandagrigolin.com\/jornaldeborda\/wp-content\/uploads\/2017\/10\/borda-4-ALTA-2017_03_13_26.jpg 1681w, https:\/\/fernandagrigolin.com\/jornaldeborda\/wp-content\/uploads\/2017\/10\/borda-4-ALTA-2017_03_13_26-271x300.jpg 271w, https:\/\/fernandagrigolin.com\/jornaldeborda\/wp-content\/uploads\/2017\/10\/borda-4-ALTA-2017_03_13_26-768x849.jpg 768w, https:\/\/fernandagrigolin.com\/jornaldeborda\/wp-content\/uploads\/2017\/10\/borda-4-ALTA-2017_03_13_26-926x1024.jpg 926w\" sizes=\"auto, (max-width: 1681px) 100vw, 1681px\" \/><br \/>\n<img loading=\"lazy\" decoding=\"async\" class=\"alignnone size-full wp-image-759\" src=\"https:\/\/fernandagrigolin.com\/jornaldeborda\/wp-content\/uploads\/2017\/10\/borda-4-ALTA-2017_03_13_27.jpg\" alt=\"borda 4 ALTA 2017_03_13_27\" width=\"1681\" height=\"1859\" srcset=\"https:\/\/fernandagrigolin.com\/jornaldeborda\/wp-content\/uploads\/2017\/10\/borda-4-ALTA-2017_03_13_27.jpg 1681w, https:\/\/fernandagrigolin.com\/jornaldeborda\/wp-content\/uploads\/2017\/10\/borda-4-ALTA-2017_03_13_27-271x300.jpg 271w, https:\/\/fernandagrigolin.com\/jornaldeborda\/wp-content\/uploads\/2017\/10\/borda-4-ALTA-2017_03_13_27-768x849.jpg 768w, https:\/\/fernandagrigolin.com\/jornaldeborda\/wp-content\/uploads\/2017\/10\/borda-4-ALTA-2017_03_13_27-926x1024.jpg 926w\" sizes=\"auto, (max-width: 1681px) 100vw, 1681px\" \/><br \/>\n<img loading=\"lazy\" decoding=\"async\" class=\"alignnone size-full wp-image-760\" src=\"https:\/\/fernandagrigolin.com\/jornaldeborda\/wp-content\/uploads\/2017\/10\/borda-4-ALTA-2017_03_13_28.jpg\" alt=\"borda 4 ALTA 2017_03_13_28\" width=\"1681\" height=\"1859\" srcset=\"https:\/\/fernandagrigolin.com\/jornaldeborda\/wp-content\/uploads\/2017\/10\/borda-4-ALTA-2017_03_13_28.jpg 1681w, https:\/\/fernandagrigolin.com\/jornaldeborda\/wp-content\/uploads\/2017\/10\/borda-4-ALTA-2017_03_13_28-271x300.jpg 271w, https:\/\/fernandagrigolin.com\/jornaldeborda\/wp-content\/uploads\/2017\/10\/borda-4-ALTA-2017_03_13_28-768x849.jpg 768w, https:\/\/fernandagrigolin.com\/jornaldeborda\/wp-content\/uploads\/2017\/10\/borda-4-ALTA-2017_03_13_28-926x1024.jpg 926w\" sizes=\"auto, (max-width: 1681px) 100vw, 1681px\" \/><br \/>\n<img loading=\"lazy\" decoding=\"async\" class=\"alignnone size-full wp-image-761\" src=\"https:\/\/fernandagrigolin.com\/jornaldeborda\/wp-content\/uploads\/2017\/10\/borda-4-ALTA-2017_03_13_29.jpg\" alt=\"borda 4 ALTA 2017_03_13_29\" width=\"1681\" height=\"1859\" srcset=\"https:\/\/fernandagrigolin.com\/jornaldeborda\/wp-content\/uploads\/2017\/10\/borda-4-ALTA-2017_03_13_29.jpg 1681w, https:\/\/fernandagrigolin.com\/jornaldeborda\/wp-content\/uploads\/2017\/10\/borda-4-ALTA-2017_03_13_29-271x300.jpg 271w, https:\/\/fernandagrigolin.com\/jornaldeborda\/wp-content\/uploads\/2017\/10\/borda-4-ALTA-2017_03_13_29-768x849.jpg 768w, https:\/\/fernandagrigolin.com\/jornaldeborda\/wp-content\/uploads\/2017\/10\/borda-4-ALTA-2017_03_13_29-926x1024.jpg 926w\" sizes=\"auto, (max-width: 1681px) 100vw, 1681px\" \/><br \/>\n<img loading=\"lazy\" decoding=\"async\" class=\"alignnone size-full wp-image-762\" src=\"https:\/\/fernandagrigolin.com\/jornaldeborda\/wp-content\/uploads\/2017\/10\/borda-4-ALTA-2017_03_13_30.jpg\" alt=\"borda 4 ALTA 2017_03_13_30\" width=\"1681\" height=\"1859\" srcset=\"https:\/\/fernandagrigolin.com\/jornaldeborda\/wp-content\/uploads\/2017\/10\/borda-4-ALTA-2017_03_13_30.jpg 1681w, https:\/\/fernandagrigolin.com\/jornaldeborda\/wp-content\/uploads\/2017\/10\/borda-4-ALTA-2017_03_13_30-271x300.jpg 271w, https:\/\/fernandagrigolin.com\/jornaldeborda\/wp-content\/uploads\/2017\/10\/borda-4-ALTA-2017_03_13_30-768x849.jpg 768w, https:\/\/fernandagrigolin.com\/jornaldeborda\/wp-content\/uploads\/2017\/10\/borda-4-ALTA-2017_03_13_30-926x1024.jpg 926w\" sizes=\"auto, (max-width: 1681px) 100vw, 1681px\" \/><br \/>\n<img loading=\"lazy\" decoding=\"async\" class=\"alignnone size-full wp-image-763\" src=\"https:\/\/fernandagrigolin.com\/jornaldeborda\/wp-content\/uploads\/2017\/10\/borda-4-ALTA-2017_03_13_31.jpg\" alt=\"borda 4 ALTA 2017_03_13_31\" width=\"1681\" height=\"1859\" srcset=\"https:\/\/fernandagrigolin.com\/jornaldeborda\/wp-content\/uploads\/2017\/10\/borda-4-ALTA-2017_03_13_31.jpg 1681w, https:\/\/fernandagrigolin.com\/jornaldeborda\/wp-content\/uploads\/2017\/10\/borda-4-ALTA-2017_03_13_31-271x300.jpg 271w, https:\/\/fernandagrigolin.com\/jornaldeborda\/wp-content\/uploads\/2017\/10\/borda-4-ALTA-2017_03_13_31-768x849.jpg 768w, https:\/\/fernandagrigolin.com\/jornaldeborda\/wp-content\/uploads\/2017\/10\/borda-4-ALTA-2017_03_13_31-926x1024.jpg 926w\" sizes=\"auto, (max-width: 1681px) 100vw, 1681px\" \/><br \/>\n<img loading=\"lazy\" decoding=\"async\" class=\"alignnone size-full wp-image-764\" src=\"https:\/\/fernandagrigolin.com\/jornaldeborda\/wp-content\/uploads\/2017\/10\/borda-4-ALTA-2017_03_13_32.jpg\" alt=\"borda 4 ALTA 2017_03_13_32\" width=\"1681\" height=\"1859\" srcset=\"https:\/\/fernandagrigolin.com\/jornaldeborda\/wp-content\/uploads\/2017\/10\/borda-4-ALTA-2017_03_13_32.jpg 1681w, https:\/\/fernandagrigolin.com\/jornaldeborda\/wp-content\/uploads\/2017\/10\/borda-4-ALTA-2017_03_13_32-271x300.jpg 271w, https:\/\/fernandagrigolin.com\/jornaldeborda\/wp-content\/uploads\/2017\/10\/borda-4-ALTA-2017_03_13_32-768x849.jpg 768w, https:\/\/fernandagrigolin.com\/jornaldeborda\/wp-content\/uploads\/2017\/10\/borda-4-ALTA-2017_03_13_32-926x1024.jpg 926w\" sizes=\"auto, (max-width: 1681px) 100vw, 1681px\" \/><\/p>\n","protected":false},"excerpt":{"rendered":"<p>Jornal de Borda 04 from Fernanda Grigolin on Vimeo. concep\u00e7\u00e3o e edi\u00e7\u00e3o: Fernanda Grigolin projeto gr\u00e1fico: Lila Botter equipe editorial: Caio Paraguassu e Rodrigo Jorge participam: Eduardo Augusto Costa, Elisa Lemus, Fausto Gracia, Iara Lis Schiavinatto, Fabiana Bruno, Juan Carlos Romero com Mar\u00eda Esther Galera, Karlla Girotto com Andr\u00e9 Penteado, Let\u00edcia Cobra Lima, L\u00edvia Aquino, &#8230; <a title=\"Edi\u00e7\u00e3o 04\" class=\"read-more\" href=\"https:\/\/fernandagrigolin.com\/jornaldeborda\/edicao-04\/\" aria-label=\"More on Edi\u00e7\u00e3o 04\">Ler mais<\/a><\/p>\n","protected":false},"author":2,"featured_media":0,"parent":0,"menu_order":0,"comment_status":"closed","ping_status":"closed","template":"","meta":{"footnotes":""},"class_list":["post-738","page","type-page","status-publish"],"_links":{"self":[{"href":"https:\/\/fernandagrigolin.com\/jornaldeborda\/wp-json\/wp\/v2\/pages\/738","targetHints":{"allow":["GET"]}}],"collection":[{"href":"https:\/\/fernandagrigolin.com\/jornaldeborda\/wp-json\/wp\/v2\/pages"}],"about":[{"href":"https:\/\/fernandagrigolin.com\/jornaldeborda\/wp-json\/wp\/v2\/types\/page"}],"author":[{"embeddable":true,"href":"https:\/\/fernandagrigolin.com\/jornaldeborda\/wp-json\/wp\/v2\/users\/2"}],"replies":[{"embeddable":true,"href":"https:\/\/fernandagrigolin.com\/jornaldeborda\/wp-json\/wp\/v2\/comments?post=738"}],"version-history":[{"count":5,"href":"https:\/\/fernandagrigolin.com\/jornaldeborda\/wp-json\/wp\/v2\/pages\/738\/revisions"}],"predecessor-version":[{"id":1305,"href":"https:\/\/fernandagrigolin.com\/jornaldeborda\/wp-json\/wp\/v2\/pages\/738\/revisions\/1305"}],"wp:attachment":[{"href":"https:\/\/fernandagrigolin.com\/jornaldeborda\/wp-json\/wp\/v2\/media?parent=738"}],"curies":[{"name":"wp","href":"https:\/\/api.w.org\/{rel}","templated":true}]}}