{"id":574,"date":"2016-06-14T14:14:44","date_gmt":"2016-06-14T14:14:44","guid":{"rendered":"https:\/\/fernandagrigolin.com\/jornaldeborda\/?page_id=574"},"modified":"2025-02-09T16:44:42","modified_gmt":"2025-02-09T16:44:42","slug":"expediente","status":"publish","type":"page","link":"https:\/\/fernandagrigolin.com\/jornaldeborda\/expediente\/","title":{"rendered":"Expediente"},"content":{"rendered":"<p>A cada edi\u00e7\u00e3o s\u00e3o convocados artistas, militantes, pesquisadores e curadores para produzir textos e trabalhos visuais. Abaixo quem faz o Jornal de Borda de maneira cont\u00ednua.<\/p>\n<p>Edi\u00e7\u00e3o: Fernanda Grigolin<\/p>\n<p>Projeto Gr\u00e1fico: Lila Botter (edi\u00e7\u00f5es um ao seis),\u00a0 Karina Francis Urban (edi\u00e7\u00e3o sete), Gabriela Brancaglion (edi\u00e7\u00e3o oito), Fernanda Grigolin (edi\u00e7\u00e3o nove) e Laura Davi\u00f1a (edi\u00e7\u00e3o dez).<\/p>\n<p>Participa\u00e7\u00f5es: cada edi\u00e7\u00e3o tem os nomes por extenso nos seus devidos expedientes.<\/p>\n<p>M\u00eddias Sociais: Aline Rosa e Caio C\u00e9sar Paraguassu<\/p>\n<p>Idiomas: portugu\u00eas e espanhol<\/p>\n<p>Ipiranga. S\u00e3o Paulo. SP<\/p>\n","protected":false},"excerpt":{"rendered":"<p>A cada edi\u00e7\u00e3o s\u00e3o convocados artistas, militantes, pesquisadores e curadores para produzir textos e trabalhos visuais. Abaixo quem faz o Jornal de Borda de maneira cont\u00ednua. Edi\u00e7\u00e3o: Fernanda Grigolin Projeto Gr\u00e1fico: Lila Botter (edi\u00e7\u00f5es um ao seis),\u00a0 Karina Francis Urban (edi\u00e7\u00e3o sete), Gabriela Brancaglion (edi\u00e7\u00e3o oito), Fernanda Grigolin (edi\u00e7\u00e3o nove) e Laura Davi\u00f1a (edi\u00e7\u00e3o dez). &#8230; <a title=\"Expediente\" class=\"read-more\" href=\"https:\/\/fernandagrigolin.com\/jornaldeborda\/expediente\/\" aria-label=\"More on Expediente\">Ler mais<\/a><\/p>\n","protected":false},"author":2,"featured_media":0,"parent":0,"menu_order":0,"comment_status":"closed","ping_status":"closed","template":"","meta":{"footnotes":""},"class_list":["post-574","page","type-page","status-publish"],"_links":{"self":[{"href":"https:\/\/fernandagrigolin.com\/jornaldeborda\/wp-json\/wp\/v2\/pages\/574","targetHints":{"allow":["GET"]}}],"collection":[{"href":"https:\/\/fernandagrigolin.com\/jornaldeborda\/wp-json\/wp\/v2\/pages"}],"about":[{"href":"https:\/\/fernandagrigolin.com\/jornaldeborda\/wp-json\/wp\/v2\/types\/page"}],"author":[{"embeddable":true,"href":"https:\/\/fernandagrigolin.com\/jornaldeborda\/wp-json\/wp\/v2\/users\/2"}],"replies":[{"embeddable":true,"href":"https:\/\/fernandagrigolin.com\/jornaldeborda\/wp-json\/wp\/v2\/comments?post=574"}],"version-history":[{"count":6,"href":"https:\/\/fernandagrigolin.com\/jornaldeborda\/wp-json\/wp\/v2\/pages\/574\/revisions"}],"predecessor-version":[{"id":1359,"href":"https:\/\/fernandagrigolin.com\/jornaldeborda\/wp-json\/wp\/v2\/pages\/574\/revisions\/1359"}],"wp:attachment":[{"href":"https:\/\/fernandagrigolin.com\/jornaldeborda\/wp-json\/wp\/v2\/media?parent=574"}],"curies":[{"name":"wp","href":"https:\/\/api.w.org\/{rel}","templated":true}]}}