{"id":1342,"date":"2021-12-31T13:17:24","date_gmt":"2021-12-31T13:17:24","guid":{"rendered":"https:\/\/fernandagrigolin.com\/jornaldeborda\/?page_id=1342"},"modified":"2021-12-31T13:27:26","modified_gmt":"2021-12-31T13:27:26","slug":"edicao-10","status":"publish","type":"page","link":"https:\/\/fernandagrigolin.com\/jornaldeborda\/edicao-10\/","title":{"rendered":"Edi\u00e7\u00e3o 10"},"content":{"rendered":"<p><strong>O Borda &#8211; \u00faltimo Jornal de Borda\u00a0<\/strong><\/p>\n<p><img loading=\"lazy\" decoding=\"async\" class=\"alignleft wp-image-1343\" src=\"https:\/\/fernandagrigolin.com\/jornaldeborda\/wp-content\/uploads\/2021\/12\/capa_apraca_vertical_branca.png\" alt=\"\" width=\"213\" height=\"287\" srcset=\"https:\/\/fernandagrigolin.com\/jornaldeborda\/wp-content\/uploads\/2021\/12\/capa_apraca_vertical_branca.png 584w, https:\/\/fernandagrigolin.com\/jornaldeborda\/wp-content\/uploads\/2021\/12\/capa_apraca_vertical_branca-223x300.png 223w\" sizes=\"auto, (max-width: 213px) 100vw, 213px\" \/><\/p>\n<p>&nbsp;<\/p>\n<p><strong>Expediente::::::<\/strong><\/p>\n<p>edi\u00e7\u00e3o e prepara\u00e7\u00e3o: Fernanda Grigolin<br \/>\nprojeto gr\u00e1fico: Laura Davi\u00f1a<\/p>\n<p>textos:\u00a0 Adriana Varella, Alana Kikkawa, Aline Ludmila, Amy Jo Westhrop, Charlas y Luchas, Cibele Troyano, Fernanda Grigolin, Janayna Araujo, Mogli Saura, Larissa G. Tokunaga, Renato Mendes,Weverton da Silva<br \/>\nimagens: Arquivo do Centro de Cultura Social com Edvaldo, A Antiespecista zine com Edinir Apr\u00edgio e Bruna Kury com Vulcanica Pokaropa<br \/>\ntradu\u00e7\u00f5es:\u00a0 About Rose Mallows e Aquela Mulher do Canto Esquerdo do Quadro<br \/>\nrevis\u00e3o: Nabylla Fiori<br \/>\nfontes utilizadas:\u00a0 Cuir Roman Times, Desvarial e Luce Fabbri (Laura Davi\u00f1a), Dead (Jason Forrest), Leone (Laura Martens), Lexicon (Bram de Does),<br \/>\nLumberjack (Birgita Siim), Ortica (Benedetta Bovani) e fontes do s\u00e9c xix (tipografes ananonimes).<\/p>\n<p>A constru\u00e7\u00e3o da edi\u00e7\u00e3o iniciou em Setembro de 2020. Foram realizados 10 encontros para discutir a pauta e os processos de produ\u00e7\u00e3o, edi\u00e7\u00e3o e circula\u00e7\u00e3o. Al\u00e9m disso, foram feitas lives nas m\u00eddias sociais. Jornal de Borda foi uma publica\u00e7\u00e3o editada entre 2015 e 2021 pela Tenda de Livros.<\/p>\n<blockquote class=\"instagram-media\" data-instgrm-permalink=\"https:\/\/www.instagram.com\/p\/CO2mrx6nS1D\/?utm_source=ig_embed&amp;utm_campaign=loading\" data-instgrm-version=\"14\" style=\" background:#FFF; border:0; border-radius:3px; box-shadow:0 0 1px 0 rgba(0,0,0,0.5),0 1px 10px 0 rgba(0,0,0,0.15); margin: 1px; max-width:540px; min-width:326px; padding:0; width:99.375%; width:-webkit-calc(100% - 2px); width:calc(100% - 2px);\">\n<div style=\"padding:16px;\"> <a href=\"https:\/\/www.instagram.com\/p\/CO2mrx6nS1D\/?utm_source=ig_embed&amp;utm_campaign=loading\" style=\" background:#FFFFFF; line-height:0; padding:0 0; text-align:center; text-decoration:none; width:100%;\" target=\"_blank\" rel=\"noopener noreferrer\"> <\/p>\n<div style=\" display: flex; flex-direction: row; align-items: center;\">\n<div style=\"background-color: #F4F4F4; border-radius: 50%; flex-grow: 0; height: 40px; margin-right: 14px; width: 40px;\"><\/div>\n<div style=\"display: flex; flex-direction: column; flex-grow: 1; justify-content: center;\">\n<div style=\" background-color: #F4F4F4; border-radius: 4px; flex-grow: 0; height: 14px; margin-bottom: 6px; width: 100px;\"><\/div>\n<div style=\" background-color: #F4F4F4; border-radius: 4px; flex-grow: 0; height: 14px; width: 60px;\"><\/div>\n<\/div>\n<\/div>\n<div style=\"padding: 19% 0;\"><\/div>\n<div style=\"display:block; height:50px; margin:0 auto 12px; width:50px;\"><svg width=\"50px\" height=\"50px\" viewBox=\"0 0 60 60\" version=\"1.1\" xmlns=\"https:\/\/www.w3.org\/2000\/svg\" xmlns:xlink=\"https:\/\/www.w3.org\/1999\/xlink\"><g stroke=\"none\" stroke-width=\"1\" fill=\"none\" fill-rule=\"evenodd\"><g transform=\"translate(-511.000000, -20.000000)\" fill=\"#000000\"><g><path d=\"M556.869,30.41 C554.814,30.41 553.148,32.076 553.148,34.131 C553.148,36.186 554.814,37.852 556.869,37.852 C558.924,37.852 560.59,36.186 560.59,34.131 C560.59,32.076 558.924,30.41 556.869,30.41 M541,60.657 C535.114,60.657 530.342,55.887 530.342,50 C530.342,44.114 535.114,39.342 541,39.342 C546.887,39.342 551.658,44.114 551.658,50 C551.658,55.887 546.887,60.657 541,60.657 M541,33.886 C532.1,33.886 524.886,41.1 524.886,50 C524.886,58.899 532.1,66.113 541,66.113 C549.9,66.113 557.115,58.899 557.115,50 C557.115,41.1 549.9,33.886 541,33.886 M565.378,62.101 C565.244,65.022 564.756,66.606 564.346,67.663 C563.803,69.06 563.154,70.057 562.106,71.106 C561.058,72.155 560.06,72.803 558.662,73.347 C557.607,73.757 556.021,74.244 553.102,74.378 C549.944,74.521 548.997,74.552 541,74.552 C533.003,74.552 532.056,74.521 528.898,74.378 C525.979,74.244 524.393,73.757 523.338,73.347 C521.94,72.803 520.942,72.155 519.894,71.106 C518.846,70.057 518.197,69.06 517.654,67.663 C517.244,66.606 516.755,65.022 516.623,62.101 C516.479,58.943 516.448,57.996 516.448,50 C516.448,42.003 516.479,41.056 516.623,37.899 C516.755,34.978 517.244,33.391 517.654,32.338 C518.197,30.938 518.846,29.942 519.894,28.894 C520.942,27.846 521.94,27.196 523.338,26.654 C524.393,26.244 525.979,25.756 528.898,25.623 C532.057,25.479 533.004,25.448 541,25.448 C548.997,25.448 549.943,25.479 553.102,25.623 C556.021,25.756 557.607,26.244 558.662,26.654 C560.06,27.196 561.058,27.846 562.106,28.894 C563.154,29.942 563.803,30.938 564.346,32.338 C564.756,33.391 565.244,34.978 565.378,37.899 C565.522,41.056 565.552,42.003 565.552,50 C565.552,57.996 565.522,58.943 565.378,62.101 M570.82,37.631 C570.674,34.438 570.167,32.258 569.425,30.349 C568.659,28.377 567.633,26.702 565.965,25.035 C564.297,23.368 562.623,22.342 560.652,21.575 C558.743,20.834 556.562,20.326 553.369,20.18 C550.169,20.033 549.148,20 541,20 C532.853,20 531.831,20.033 528.631,20.18 C525.438,20.326 523.257,20.834 521.349,21.575 C519.376,22.342 517.703,23.368 516.035,25.035 C514.368,26.702 513.342,28.377 512.574,30.349 C511.834,32.258 511.326,34.438 511.181,37.631 C511.035,40.831 511,41.851 511,50 C511,58.147 511.035,59.17 511.181,62.369 C511.326,65.562 511.834,67.743 512.574,69.651 C513.342,71.625 514.368,73.296 516.035,74.965 C517.703,76.634 519.376,77.658 521.349,78.425 C523.257,79.167 525.438,79.673 528.631,79.82 C531.831,79.965 532.853,80.001 541,80.001 C549.148,80.001 550.169,79.965 553.369,79.82 C556.562,79.673 558.743,79.167 560.652,78.425 C562.623,77.658 564.297,76.634 565.965,74.965 C567.633,73.296 568.659,71.625 569.425,69.651 C570.167,67.743 570.674,65.562 570.82,62.369 C570.966,59.17 571,58.147 571,50 C571,41.851 570.966,40.831 570.82,37.631\"><\/path><\/g><\/g><\/g><\/svg><\/div>\n<div style=\"padding-top: 8px;\">\n<div style=\" color:#3897f0; font-family:Arial,sans-serif; font-size:14px; font-style:normal; font-weight:550; line-height:18px;\">Ver essa foto no Instagram<\/div>\n<\/div>\n<div style=\"padding: 12.5% 0;\"><\/div>\n<div style=\"display: flex; flex-direction: row; margin-bottom: 14px; align-items: center;\">\n<div>\n<div style=\"background-color: #F4F4F4; border-radius: 50%; height: 12.5px; width: 12.5px; transform: translateX(0px) translateY(7px);\"><\/div>\n<div style=\"background-color: #F4F4F4; height: 12.5px; transform: rotate(-45deg) translateX(3px) translateY(1px); width: 12.5px; flex-grow: 0; margin-right: 14px; margin-left: 2px;\"><\/div>\n<div style=\"background-color: #F4F4F4; border-radius: 50%; height: 12.5px; width: 12.5px; transform: translateX(9px) translateY(-18px);\"><\/div>\n<\/div>\n<div style=\"margin-left: 8px;\">\n<div style=\" background-color: #F4F4F4; border-radius: 50%; flex-grow: 0; height: 20px; width: 20px;\"><\/div>\n<div style=\" width: 0; height: 0; border-top: 2px solid transparent; border-left: 6px solid #f4f4f4; border-bottom: 2px solid transparent; transform: translateX(16px) translateY(-4px) rotate(30deg)\"><\/div>\n<\/div>\n<div style=\"margin-left: auto;\">\n<div style=\" width: 0px; border-top: 8px solid #F4F4F4; border-right: 8px solid transparent; transform: translateY(16px);\"><\/div>\n<div style=\" background-color: #F4F4F4; flex-grow: 0; height: 12px; width: 16px; transform: translateY(-4px);\"><\/div>\n<div style=\" width: 0; height: 0; border-top: 8px solid #F4F4F4; border-left: 8px solid transparent; transform: translateY(-4px) translateX(8px);\"><\/div>\n<\/div>\n<\/div>\n<div style=\"display: flex; flex-direction: column; flex-grow: 1; justify-content: center; margin-bottom: 24px;\">\n<div style=\" background-color: #F4F4F4; border-radius: 4px; flex-grow: 0; height: 14px; margin-bottom: 6px; width: 224px;\"><\/div>\n<div style=\" background-color: #F4F4F4; border-radius: 4px; flex-grow: 0; height: 14px; width: 144px;\"><\/div>\n<\/div>\n<p><\/a><\/p>\n<p style=\" color:#c9c8cd; font-family:Arial,sans-serif; font-size:14px; line-height:17px; margin-bottom:0; margin-top:8px; overflow:hidden; padding:8px 0 7px; text-align:center; text-overflow:ellipsis; white-space:nowrap;\"><a href=\"https:\/\/www.instagram.com\/p\/CO2mrx6nS1D\/?utm_source=ig_embed&amp;utm_campaign=loading\" style=\" color:#c9c8cd; font-family:Arial,sans-serif; font-size:14px; font-style:normal; font-weight:normal; line-height:17px; text-decoration:none;\" target=\"_blank\" rel=\"noopener noreferrer\">Uma publica\u00e7\u00e3o compartilhada por Tenda de Livros (@tendadelivros)<\/a><\/p>\n<\/div>\n<\/blockquote>\n<p> <script async src=\"\/\/www.instagram.com\/embed.js\"><\/script><\/p>\n<p>&nbsp;<\/p>\n<p>EDITORIAL:<\/p>\n<p>Jornal de Borda \u00e9 uma publica\u00e7\u00e3o que n\u00e3o deveria ter existido, pois ele n\u00e3o pertence nem ao campo das artes visuais, suas revistas de inven\u00e7\u00e3o e suas publica\u00e7\u00f5es de artista, nem ao que seria um entendimento cl\u00e1ssico sobre a imprensa oper\u00e1ria e suas a\u00e7\u00f5es noticiosas sobre as<br \/>\ncondi\u00e7\u00f5es do trabalho, sobre as a\u00e7\u00f5es e sobre as estrat\u00e9gias coletivas.<br \/>\nJornal de Borda \u00e9 um desalojado. Foram seis anos, dez edi\u00e7\u00f5es, 268 p\u00e1ginas pensadas e reproduzidas e espalhadas em quase 40 mil vezes. Quase 200 pessoas colaboraram<br \/>\ncom o projeto cujos lan\u00e7amentos foram realizados no Brasil, Uruguai, M\u00e9xico e Argentina, com distribui\u00e7\u00e3o em outros pa\u00edses como Portugal, Chile e Peru.<\/p>\n<p>A chegada do peri\u00f3dico da gr\u00e1fica era sempre um momento de tens\u00e3o. Recepcionar, empilhar, empacotar e distribuir eram a\u00e7\u00f5es do gesto final e elas tomavam todo o meu corpo. Lembro sentir cheiro de jornal em mim por dias, aquela tinta impregnava minhas unhas<br \/>\ne dedos&#8230; O gesto final sempre foi um compromisso individual, como idealizadora e editora, e minha fam\u00edlia assumia como dela tamb\u00e9m para me dar um suporte emocional.<br \/>\nUma publica\u00e7\u00e3o colaborativa deveria ter todos os seus processos responsavelmente<br \/>\npensados. Publicar vai muito al\u00e9m dos gestos de planejar, escrever,<br \/>\nproduzir, editorar&#8230; Fazer um pacote \u00e9 t\u00e3o editorial quanto pensar o lugar em que a imagem vai entrar.<\/p>\n<p>Ando pensando muito sobre o que \u00e9 publicar e o que seria publicar como um processo de autogest\u00e3o e de anticapitalismo. N\u00e3o tenho respostas, mas uma publica\u00e7\u00e3o coletiva<br \/>\nque pretende rever suas pr\u00e1ticas n\u00e3o \u00e9 apenas uma divis\u00e3o de tarefas ou um apanhad\u00e3o do que cada um fez. Tampouco \u00e9 algo como se os participantes elaborassem os textos e a editora<br \/>\nficasse com o resto (o resto \u00e9 gigante e, no m\u00e1ximo, quem edita tem a companhia de quem faz o projeto gr\u00e1fico). E, muito menos ainda, realizar uma publica\u00e7\u00e3o anticapitalista \u00e9 apenas tomar a decis\u00e3o da editora n\u00e3o receber pelo seu trabalho. A gr\u00e1fica \u00e9 paga, o papel, cujo monop\u00f3lio \u00e9 de uma empresa (que decidiu n\u00e3o fazer mais papel jornal e hoje em dia<br \/>\nele \u00e9 importado), \u00e9 pago. Ent\u00e3o por qual motivo pessoas trabalhadoras do impresso n\u00e3o deveriam receber pelo seu trabalho? No Jornal de Borda, eu experimentei de tudo: escrever, desenhar, vender, empacotar e empilhar.<\/p>\n<p>Desde a edi\u00e7\u00e3o 4, uso o espa\u00e7o da p\u00e1gina para testar, editar e compreender a minha pesquisa sobre anarquismo e \u00e9 o Jornal de Borda a express\u00e3o de um arquivo afetivo e de uma imagina\u00e7\u00e3o pol\u00edtica. Devolver ao mundo A Plebe, O Nosso Jornal e Nuestra Tribuna com respeito aos seus pensamentos editoriais, temporais e tipogr\u00e1ficos, s\u00e3o o melhor do Jornal de Borda. As edi\u00e7\u00f5es foram distribu\u00eddas amplamente para que militantes e historiadores tivessem o gesto de ler e ver esses peri\u00f3dicos. Uma publica\u00e7\u00e3o \u00e9 uma narrativa visual, textual, mas tamb\u00e9m uma forma de organiza\u00e7\u00e3o social e coletiva. Elementos sociais, historiogr\u00e1ficos, visuais e textuais deveriam ser olhados em conjunto como escolhas expressivas do passado que nos ensinam tamb\u00e9m a visualizar, imaginar e militar. A Plebe, por exemplo, nasceu em 1917 com uma tiragem consider\u00e1vel, chegando aos 10 mil exemplares, muito pr\u00f3xima \u00e0 tiragem dos jornais institucionais daquela \u00e9poca. A Plebe, em seu primeiro ano de vida,<br \/>\ne mesmo seu antecessor, A Lanterna, n\u00e3o eram imprensas menores; eram jornais com circula\u00e7\u00e3o local, nacional e transnacional. Al\u00e9m de serem lugares educativos de leitura coletiva. Nota-se tamb\u00e9m na Plebe um conhecimento de desenho de p\u00e1gina, constru\u00e7\u00e3o textual e formas de narrar muito pr\u00f3xima ao cinejornal (aqui falando especificamente da edi\u00e7\u00e3o de 21\/07\/1917). \u00c9 um feito editorial a ser considerado e olh\u00e1-lo como um lugar da cultura visual \u00e9 necess\u00e1rio e generoso com o anarquismo.<\/p>\n<p>O anarquismo tamb\u00e9m ensina muito sobre circula\u00e7\u00e3o. Aquele m\u00e9todo antigo do anarquismo de carregar junto ao corpo suas publica\u00e7\u00f5es ainda \u00e9 a norma para O Borda e para<br \/>\nmuitos publicadores que editam anarquismo. Ali\u00e1s, esse m\u00e9todo existia antes de qualquer infraestrutura como as estradas e o mercado editorial.<\/p>\n<p>Falar que existiam publica\u00e7\u00f5es e sua distribui\u00e7\u00e3o antes do mercado n\u00e3o \u00e9 uma met\u00e1fora ou algo rom\u00e2ntico da minha parte. Falar que existiam publica\u00e7\u00f5es e sua distribui\u00e7\u00e3o antes do mercado \u00e9 compreender o papel crucial que o anarquismo tem para a pr\u00e1tica impressa, o pensamento editorial e a edi\u00e7\u00e3o artesanal no Brasil. Contar essa hist\u00f3ria \u00e9 urgente<br \/>\ne primordial. Talvez aprofund\u00e1-la nos ensine ainda mais sobre a pr\u00e1tica anarquista, al\u00e9m do que j\u00e1 \u00e9 dito nos textos lidos e relidos.<\/p>\n<p>A EDI\u00c7\u00c3O 10<\/p>\n<p>A edi\u00e7\u00e3o que voc\u00ea tem em m\u00e3os poderia n\u00e3o ter sido assim se em agosto eu n\u00e3o tivesse postado um inc\u00f4modo sobre o que seria a rela\u00e7\u00e3o entre arte e anarquismo nas m\u00eddias sociais. As pessoas comentaram suas opini\u00f5es sobre essa rela\u00e7\u00e3o e ent\u00e3o um processo de reuni\u00f5es e di\u00e1logos se iniciou em setembro. Boa parte das pessoas aqui presentes n\u00e3o se conheciam e<br \/>\nfoi decidido fazer uma edi\u00e7\u00e3o em tiragem de 5 mil (como foi a maioria das edi\u00e7\u00f5es do Borda) e em um formato e projeto gr\u00e1fico que remetesse ao jornal A Plebe. Eu j\u00e1 estava exausta<br \/>\ne havia decidido que o fim do Borda seria um texto individual contando um pouco das minhas escolhas. Foram essas outras pessoas que trouxeram outras vontades de p\u00e1ginas.<\/p>\n<p>O nome Borda remete aos peri\u00f3dicos anarquistas do passado, como A Plebe, A Lanterna, que tinham seus nomes pensados com um artigo definido e um substantivo. J\u00e1 t\u00ednhamos feito um exerc\u00edcio similar na edi\u00e7\u00e3o 7, juntamente com Karina Francis Urban, e O Borda j\u00e1 havia sido posto em clich\u00ea tipogr\u00e1fico e impresso, assim como se fazia h\u00e1 cem anos. Talvez esta edi\u00e7\u00e3o de agora converse diretamente com a edi\u00e7\u00e3o 7 e os fac-s\u00edmiles trazidos no 4 e no 6. Por isso, a logo \u00e9 um h\u00edbrido da logo original do Jornal de Borda, feita por Lila Botter, com a logo de A Plebe, proposta por Laura Davi\u00f1a que tamb\u00e9m realizou o projeto gr\u00e1fico desta edi\u00e7\u00e3o em suas m\u00e3os.<\/p>\n<p>A conversa com o passado \u00e9 visual, \u00e9tica, est\u00e9tica e impressa e tamb\u00e9m \u00e9 tem\u00e1tica, pois ela aborda temas relacionados ao anarquismo e traz velhas quest\u00f5es j\u00e1 faladas por mulheres<br \/>\nanarquistas do passado como: por qual motivo um movimento de transforma\u00e7\u00e3o social e emancipa\u00e7\u00e3o humana, como \u00e9 o anarquismo, ainda reproduz pr\u00e1ticas machistas?<\/p>\n<p>O Borda 10 \u00e9 o Borda poss\u00edvel, feito com as ferramentas que tivemos no momento. Mesmo sua gesta\u00e7\u00e3o tendo sido iniciada em setembro, foram trocas e conversas sobre cada etapa: como planejar, como editar, como olhar para os elementos, como construir textos. Algumas decis\u00f5es foram tomadas em respostas aos desafios e o maior deles: a distribui\u00e7\u00e3o est\u00e1, novamente, em aberto. Mais uma vez fecho uma edi\u00e7\u00e3o tendo apenas a gr\u00e1fica paga e,<br \/>\nnovamente, o desafio da circula\u00e7\u00e3o segue sendo \u00e1rduo e indissol\u00favel.<\/p>\n<p>O Jornal de Borda se despede como O Borda. Que estas colunas, linhas e releituras gr\u00e1ficas imaginativas sejam um convite para n\u00f3s seguirmos a nos reencontrarmos, por\u00e9m n\u00e3o mais como O Borda, mas em outras p\u00e1ginas futuras, tamb\u00e9m desalojadas.<\/p>\n<p>&nbsp;<\/p>\n<p><strong><a href=\"https:\/\/fernandagrigolin.com\/jornaldeborda\/wp-content\/uploads\/2021\/12\/OBorda10_FINAL_IMPOSICAO.pdf\">Baixe para ler<\/a><\/strong><\/p>\n","protected":false},"excerpt":{"rendered":"<p>O Borda &#8211; \u00faltimo Jornal de Borda\u00a0 &nbsp; Expediente:::::: edi\u00e7\u00e3o e prepara\u00e7\u00e3o: Fernanda Grigolin projeto gr\u00e1fico: Laura Davi\u00f1a textos:\u00a0 Adriana Varella, Alana Kikkawa, Aline Ludmila, Amy Jo Westhrop, Charlas y Luchas, Cibele Troyano, Fernanda Grigolin, Janayna Araujo, Mogli Saura, Larissa G. Tokunaga, Renato Mendes,Weverton da Silva imagens: Arquivo do Centro de Cultura Social com Edvaldo, &#8230; <a title=\"Edi\u00e7\u00e3o 10\" class=\"read-more\" href=\"https:\/\/fernandagrigolin.com\/jornaldeborda\/edicao-10\/\" aria-label=\"More on Edi\u00e7\u00e3o 10\">Ler mais<\/a><\/p>\n","protected":false},"author":2,"featured_media":0,"parent":0,"menu_order":0,"comment_status":"closed","ping_status":"closed","template":"","meta":{"footnotes":""},"class_list":["post-1342","page","type-page","status-publish"],"_links":{"self":[{"href":"https:\/\/fernandagrigolin.com\/jornaldeborda\/wp-json\/wp\/v2\/pages\/1342","targetHints":{"allow":["GET"]}}],"collection":[{"href":"https:\/\/fernandagrigolin.com\/jornaldeborda\/wp-json\/wp\/v2\/pages"}],"about":[{"href":"https:\/\/fernandagrigolin.com\/jornaldeborda\/wp-json\/wp\/v2\/types\/page"}],"author":[{"embeddable":true,"href":"https:\/\/fernandagrigolin.com\/jornaldeborda\/wp-json\/wp\/v2\/users\/2"}],"replies":[{"embeddable":true,"href":"https:\/\/fernandagrigolin.com\/jornaldeborda\/wp-json\/wp\/v2\/comments?post=1342"}],"version-history":[{"count":4,"href":"https:\/\/fernandagrigolin.com\/jornaldeborda\/wp-json\/wp\/v2\/pages\/1342\/revisions"}],"predecessor-version":[{"id":1349,"href":"https:\/\/fernandagrigolin.com\/jornaldeborda\/wp-json\/wp\/v2\/pages\/1342\/revisions\/1349"}],"wp:attachment":[{"href":"https:\/\/fernandagrigolin.com\/jornaldeborda\/wp-json\/wp\/v2\/media?parent=1342"}],"curies":[{"name":"wp","href":"https:\/\/api.w.org\/{rel}","templated":true}]}}