{"id":1321,"date":"2021-03-10T20:34:29","date_gmt":"2021-03-10T20:34:29","guid":{"rendered":"https:\/\/fernandagrigolin.com\/jornaldeborda\/?page_id=1321"},"modified":"2025-02-09T16:45:39","modified_gmt":"2025-02-09T16:45:39","slug":"edicao-09","status":"publish","type":"page","link":"https:\/\/fernandagrigolin.com\/jornaldeborda\/edicao-09\/","title":{"rendered":"Edi\u00e7\u00e3o 09"},"content":{"rendered":"<p>\u201cPode um corpo gordo ser anticapitalista\u201d foi a live que rolou no dia 6 de junho, no canal do YouTube da Tenda de Livros. Ativistas e artistas gordas do Brasil, Chile e M\u00e9xico falaram de suas pesquisas sobre corpo gordo.<br \/>\nArtistas, fil\u00f3sofas, escritoras, pesquisadoras decoloniais e ativistas de movimentos sociais anarquistas, feministas, antiespecista, LGBTTTQ+ e negro de diversas gera\u00e7\u00f5es compuseram a roda de conversa.<br \/>\nA ideia daquele momento foi trazer<br \/>\nv\u00e1rios olhares sobre o corpo gordo sob uma perspectiva anticapitalista.<br \/>\nPara assistir no YouTube:<br \/>\nA atividade foi uma pauta em processo sobre o Jornal de Borda 09.<br \/>\nParticipam da publica\u00e7\u00e3o: La Bala Rodr\u00edguez, Camila Fontenele, Fabrina Mart\u00ednez, Fernanda Magalh\u00e3es, Kono, Malu Jimenez, Paula Mello, Vanessa Joda.<br \/>\nImagens e textos s\u00e3o pequenas fagulhas de uma pauta essencial para uma sociedade que queira compreender, amar e respeitar as possibilidades de viver e estar no mundo.<\/p>\n<p><strong>Baixe o pdf da edi\u00e7\u00e3o:<\/strong><\/p>\n<p><a href=\"https:\/\/fernandagrigolin.com\/jornaldeborda\/wp-content\/uploads\/2021\/03\/CORPA_CAPA_FINAL.pdf\">CORPA_CAPA_FINAL<\/a><\/p>\n<p><a href=\"https:\/\/fernandagrigolin.com\/jornaldeborda\/wp-content\/uploads\/2021\/03\/MIOLO_21_12.pdf\">MIOLO_21_12<\/a><\/p>\n<p>Assista a Live que foi a pauta processo:<\/p>\n<p><iframe loading=\"lazy\" src=\"https:\/\/www.youtube.com\/embed\/qT4CNKULbAc\" width=\"560\" height=\"315\" frameborder=\"0\" allowfullscreen=\"allowfullscreen\"><\/iframe><\/p>\n<div id=\"capti-toolbox\" class=\"capti-toolbox-close\"><\/div>\n<div id=\"cap-small-context-menu\" class=\" \" style=\"left: 231.205px; top: 457.143px;\">\n<div class=\"capti-item-parent\">\n<div class=\"capti-icon capti-play-toolbox\" title=\"Play (Alt + Q)\"><\/div>\n<\/div>\n<div class=\"capti-item-parent\">\n<div class=\"capti-icon capti-view-toolbox\" title=\"View (Alt + X)\"><\/div>\n<\/div>\n<div class=\"capti-item-parent\">\n<div class=\"capti-icon capti-define-toolbox\" title=\"Define\"><\/div>\n<\/div>\n<div class=\"capti-item-parent\">\n<div class=\"capti-icon capti-transition-toolbox\" title=\"Translate\"><\/div>\n<\/div>\n<\/div>\n","protected":false},"excerpt":{"rendered":"<p>\u201cPode um corpo gordo ser anticapitalista\u201d foi a live que rolou no dia 6 de junho, no canal do YouTube da Tenda de Livros. Ativistas e artistas gordas do Brasil, Chile e M\u00e9xico falaram de suas pesquisas sobre corpo gordo. Artistas, fil\u00f3sofas, escritoras, pesquisadoras decoloniais e ativistas de movimentos sociais anarquistas, feministas, antiespecista, LGBTTTQ+ e &#8230; <a title=\"Edi\u00e7\u00e3o 09\" class=\"read-more\" href=\"https:\/\/fernandagrigolin.com\/jornaldeborda\/edicao-09\/\" aria-label=\"More on Edi\u00e7\u00e3o 09\">Ler mais<\/a><\/p>\n","protected":false},"author":2,"featured_media":0,"parent":0,"menu_order":0,"comment_status":"closed","ping_status":"closed","template":"","meta":{"footnotes":""},"class_list":["post-1321","page","type-page","status-publish"],"_links":{"self":[{"href":"https:\/\/fernandagrigolin.com\/jornaldeborda\/wp-json\/wp\/v2\/pages\/1321","targetHints":{"allow":["GET"]}}],"collection":[{"href":"https:\/\/fernandagrigolin.com\/jornaldeborda\/wp-json\/wp\/v2\/pages"}],"about":[{"href":"https:\/\/fernandagrigolin.com\/jornaldeborda\/wp-json\/wp\/v2\/types\/page"}],"author":[{"embeddable":true,"href":"https:\/\/fernandagrigolin.com\/jornaldeborda\/wp-json\/wp\/v2\/users\/2"}],"replies":[{"embeddable":true,"href":"https:\/\/fernandagrigolin.com\/jornaldeborda\/wp-json\/wp\/v2\/comments?post=1321"}],"version-history":[{"count":4,"href":"https:\/\/fernandagrigolin.com\/jornaldeborda\/wp-json\/wp\/v2\/pages\/1321\/revisions"}],"predecessor-version":[{"id":1360,"href":"https:\/\/fernandagrigolin.com\/jornaldeborda\/wp-json\/wp\/v2\/pages\/1321\/revisions\/1360"}],"wp:attachment":[{"href":"https:\/\/fernandagrigolin.com\/jornaldeborda\/wp-json\/wp\/v2\/media?parent=1321"}],"curies":[{"name":"wp","href":"https:\/\/api.w.org\/{rel}","templated":true}]}}